{"id":171,"date":"2026-03-26T20:36:13","date_gmt":"2026-03-26T20:36:13","guid":{"rendered":"https:\/\/psyedx.com\/?page_id=171"},"modified":"2026-03-27T18:16:55","modified_gmt":"2026-03-27T18:16:55","slug":"contact-us","status":"publish","type":"page","link":"https:\/\/psyedx.com\/fr\/contact-us\/","title":{"rendered":"Contact Us"},"content":{"rendered":"<div style=\"max-width: 800px; width: 100%; margin: 40px auto; padding: 40px; background-color: #ffffff; border-radius: 12px; box-shadow: 0 4px 15px rgba(0,0,0,0.05); line-height: 1.8; font-family: inherit; text-align: start; box-sizing: border-box;\">\n<div style=\"text-align: center; margin-bottom: 40px; border-bottom: 2px solid #f0f0f0; padding-bottom: 20px;\">\n<h2 style=\"font-size: 2.2em; margin-bottom: 10px; color: #222;\">Contactez-nous<\/h2>\n<p style=\"font-size: 1.1em; color: #666;\">Je serais ravie d'\u00e9changer avec vous ! Que ce soit pour une question, un commentaire ou une proposition de collaboration acad\u00e9mique et professionnelle, n'h\u00e9sitez pas \u00e0 m'\u00e9crire.<\/p>\n<\/div>\n<div style=\"background-color: #fcfcfc; border: 1px solid #eaeaea; border-radius: 10px; padding: 30px; text-align: center; margin-bottom: 20px;\">\n<h3 style=\"font-size: 1.4em; margin-bottom: 10px; color: #333;\">E-mail direct :<\/h3>\n<p style=\"font-size: 1.2em; margin-bottom: 25px;\"><a style=\"color: #0073aa; text-decoration: none; font-weight: bold;\" href=\"&quot;mailto:contact@psyedx.com\">contact@psyedx.com<\/a><\/p>\n<h3 style=\"font-size: 1.4em; margin-bottom: 10px; color: #333;\">Connectez-vous sur LinkedIn :<\/h3>\n<p style=\"font-size: 1.1em; margin-bottom: 0;\">\n<a href=\"https:\/\/www.linkedin.com\/in\/sara-el-hosayny-psychologue\/\" target=\"_blank\" rel=\"noopener noreferrer\" style=\"color: #0073aa; text-decoration: underline; font-weight: bold;\">Sara El Hosayny<\/a>\n<\/p>\n<\/div>\n<\/div>\n","protected":false},"excerpt":{"rendered":"<p>Contactez-nous Je serais ravie d&rsquo;\u00e9changer avec vous ! Que ce soit pour une question, un commentaire ou une proposition de collaboration acad\u00e9mique et professionnelle, n&rsquo;h\u00e9sitez pas \u00e0 m&rsquo;\u00e9crire. E-mail direct : contact@psyedx.com Connectez-vous sur LinkedIn : Sara El Hosayny<\/p>\n","protected":false},"author":1,"featured_media":0,"parent":0,"menu_order":0,"comment_status":"closed","ping_status":"closed","template":"","meta":{"_uag_custom_page_level_css":"","_swt_meta_header_display":false,"_swt_meta_footer_display":false,"_swt_meta_site_title_display":true,"_swt_meta_sticky_header":false,"_swt_meta_transparent_header":false,"footnotes":""},"class_list":["post-171","page","type-page","status-publish","hentry"],"aioseo_notices":[],"_hostinger_reach_plugin_has_subscription_block":false,"_hostinger_reach_plugin_is_elementor":false,"uagb_featured_image_src":{"full":false,"thumbnail":false,"medium":false,"medium_large":false,"large":false,"1536x1536":false,"2048x2048":false},"uagb_author_info":{"display_name":"El HOSAYNY Sara","author_link":"https:\/\/psyedx.com\/fr\/author\/psy-elhosaynygmail-com\/"},"uagb_comment_info":0,"uagb_excerpt":"Contactez-nous Je serais ravie d'\u00e9changer avec vous ! Que ce soit pour une question, un commentaire ou une proposition de collaboration acad\u00e9mique et professionnelle, n'h\u00e9sitez pas \u00e0 m'\u00e9crire. E-mail direct : contact@psyedx.com Connectez-vous sur LinkedIn : Sara El Hosayny","_links":{"self":[{"href":"https:\/\/psyedx.com\/fr\/wp-json\/wp\/v2\/pages\/171","targetHints":{"allow":["GET"]}}],"collection":[{"href":"https:\/\/psyedx.com\/fr\/wp-json\/wp\/v2\/pages"}],"about":[{"href":"https:\/\/psyedx.com\/fr\/wp-json\/wp\/v2\/types\/page"}],"author":[{"embeddable":true,"href":"https:\/\/psyedx.com\/fr\/wp-json\/wp\/v2\/users\/1"}],"replies":[{"embeddable":true,"href":"https:\/\/psyedx.com\/fr\/wp-json\/wp\/v2\/comments?post=171"}],"version-history":[{"count":9,"href":"https:\/\/psyedx.com\/fr\/wp-json\/wp\/v2\/pages\/171\/revisions"}],"predecessor-version":[{"id":262,"href":"https:\/\/psyedx.com\/fr\/wp-json\/wp\/v2\/pages\/171\/revisions\/262"}],"wp:attachment":[{"href":"https:\/\/psyedx.com\/fr\/wp-json\/wp\/v2\/media?parent=171"}],"curies":[{"name":"wp","href":"https:\/\/api.w.org\/{rel}","templated":true}]}}