{"id":175,"date":"2026-03-26T20:36:59","date_gmt":"2026-03-26T20:36:59","guid":{"rendered":"https:\/\/psyedx.com\/?page_id=175"},"modified":"2026-03-27T14:59:29","modified_gmt":"2026-03-27T14:59:29","slug":"privacy-policy-2","status":"publish","type":"page","link":"https:\/\/psyedx.com\/fr\/privacy-policy-2\/","title":{"rendered":"Privacy Policy"},"content":{"rendered":"<div style=\"max-width: 800px; width: 100%; margin: 40px auto; padding: 40px; background-color: #ffffff; border-radius: 12px; box-shadow: 0 4px 15px rgba(0,0,0,0.05); line-height: 1.8; font-family: inherit; text-align: start; box-sizing: border-box;\">\n<div style=\"text-align: center; margin-bottom: 40px; border-bottom: 2px solid #f0f0f0; padding-bottom: 20px;\">\n<h2 style=\"font-size: 2.2em; margin-bottom: 10px; color: #222;\">Politique de Confidentialit\u00e9<\/h2>\n<p style=\"font-size: 1.1em; color: #666;\">Chez PsyEdX, nous nous engageons \u00e0 prot\u00e9ger votre vie priv\u00e9e. Cette page explique comment nous collectons, utilisons et prot\u00e9geons vos informations.<\/p>\n<\/p><\/div>\n<div style=\"margin-bottom: 35px;\">\n<h3 style=\"font-size: 1.4em; color: #333; margin-bottom: 12px;\">1. Les informations que nous collectons<\/h3>\n<p style=\"font-size: 1.1em; color: #555; text-align: justify;\">Nous pouvons collecter des informations non personnelles pour am\u00e9liorer l'exp\u00e9rience (ex. type de navigateur). Si vous nous contactez, nous pouvons collecter votre nom et e-mail pour vous r\u00e9pondre.<\/p>\n<\/p><\/div>\n<div style=\"margin-bottom: 35px;\">\n<h3 style=\"font-size: 1.4em; color: #333; margin-bottom: 12px;\">2. Cookies et Publicit\u00e9s<\/h3>\n<p style=\"font-size: 1.1em; color: #555; text-align: justify;\">Nous utilisons des cookies pour analyser le trafic. Nous pouvons \u00e9galement utiliser des services tiers (comme Google AdSense) qui utilisent des cookies pour diffuser des annonces personnalis\u00e9es bas\u00e9es sur vos int\u00e9r\u00eats.<\/p>\n<\/p><\/div>\n<div style=\"margin-bottom: 20px;\">\n<h3 style=\"font-size: 1.4em; color: #333; margin-bottom: 12px;\">3. Mises \u00e0 jour et Contact<\/h3>\n<p style=\"font-size: 1.1em; color: #555; text-align: justify;\">Nous pouvons mettre \u00e0 jour cette politique occasionnellement. Pour toute question concernant vos donn\u00e9es, veuillez nous contacter via la page \"Contactez-nous\".<\/p>\n<\/p><\/div>\n<\/div>\n","protected":false},"excerpt":{"rendered":"<p>Politique de Confidentialit\u00e9 Chez PsyEdX, nous nous engageons \u00e0 prot\u00e9ger votre vie priv\u00e9e. Cette page explique comment nous collectons, utilisons et prot\u00e9geons vos informations. 1. Les informations que nous collectons Nous pouvons collecter des informations non personnelles pour am\u00e9liorer l&rsquo;exp\u00e9rience (ex. type de navigateur). Si vous nous contactez, nous pouvons collecter votre nom et e-mail [&hellip;]<\/p>\n","protected":false},"author":1,"featured_media":0,"parent":0,"menu_order":0,"comment_status":"closed","ping_status":"closed","template":"","meta":{"_uag_custom_page_level_css":"","_swt_meta_header_display":false,"_swt_meta_footer_display":false,"_swt_meta_site_title_display":true,"_swt_meta_sticky_header":false,"_swt_meta_transparent_header":false,"footnotes":""},"class_list":["post-175","page","type-page","status-publish","hentry"],"aioseo_notices":[],"_hostinger_reach_plugin_has_subscription_block":false,"_hostinger_reach_plugin_is_elementor":false,"uagb_featured_image_src":{"full":false,"thumbnail":false,"medium":false,"medium_large":false,"large":false,"1536x1536":false,"2048x2048":false},"uagb_author_info":{"display_name":"El HOSAYNY Sara","author_link":"https:\/\/psyedx.com\/fr\/author\/psy-elhosaynygmail-com\/"},"uagb_comment_info":0,"uagb_excerpt":"Politique de Confidentialit\u00e9 Chez PsyEdX, nous nous engageons \u00e0 prot\u00e9ger votre vie priv\u00e9e. Cette page explique comment nous collectons, utilisons et prot\u00e9geons vos informations. 1. Les informations que nous collectons Nous pouvons collecter des informations non personnelles pour am\u00e9liorer l'exp\u00e9rience (ex. type de navigateur). Si vous nous contactez, nous pouvons collecter votre nom et e-mail\u2026","_links":{"self":[{"href":"https:\/\/psyedx.com\/fr\/wp-json\/wp\/v2\/pages\/175","targetHints":{"allow":["GET"]}}],"collection":[{"href":"https:\/\/psyedx.com\/fr\/wp-json\/wp\/v2\/pages"}],"about":[{"href":"https:\/\/psyedx.com\/fr\/wp-json\/wp\/v2\/types\/page"}],"author":[{"embeddable":true,"href":"https:\/\/psyedx.com\/fr\/wp-json\/wp\/v2\/users\/1"}],"replies":[{"embeddable":true,"href":"https:\/\/psyedx.com\/fr\/wp-json\/wp\/v2\/comments?post=175"}],"version-history":[{"count":5,"href":"https:\/\/psyedx.com\/fr\/wp-json\/wp\/v2\/pages\/175\/revisions"}],"predecessor-version":[{"id":242,"href":"https:\/\/psyedx.com\/fr\/wp-json\/wp\/v2\/pages\/175\/revisions\/242"}],"wp:attachment":[{"href":"https:\/\/psyedx.com\/fr\/wp-json\/wp\/v2\/media?parent=175"}],"curies":[{"name":"wp","href":"https:\/\/api.w.org\/{rel}","templated":true}]}}