{"id":177,"date":"2026-03-26T20:37:27","date_gmt":"2026-03-26T20:37:27","guid":{"rendered":"https:\/\/psyedx.com\/?page_id=177"},"modified":"2026-03-27T14:56:33","modified_gmt":"2026-03-27T14:56:33","slug":"terms-of-service","status":"publish","type":"page","link":"https:\/\/psyedx.com\/fr\/terms-of-service\/","title":{"rendered":"Terms of Service"},"content":{"rendered":"<div style=\"max-width: 800px; width: 100%; margin: 40px auto; padding: 40px; background-color: #ffffff; border-radius: 12px; box-shadow: 0 4px 15px rgba(0,0,0,0.05); line-height: 1.8; font-family: inherit; text-align: start; box-sizing: border-box;\">\n<div style=\"text-align: center; margin-bottom: 40px; border-bottom: 2px solid #f0f0f0; padding-bottom: 20px;\">\n<h2 style=\"font-size: 2.2em; margin-bottom: 10px; color: #222;\">Conditions d'Utilisation<\/h2>\n<p style=\"font-size: 1.1em; color: #666;\">Bienvenue sur PsyEdX. En utilisant ce site, vous acceptez d'\u00eatre li\u00e9 par les conditions suivantes.<\/p>\n<\/p><\/div>\n<div style=\"margin-bottom: 35px;\">\n<h3 style=\"font-size: 1.4em; color: #333; margin-bottom: 12px;\">1. Propri\u00e9t\u00e9 intellectuelle<\/h3>\n<p style=\"font-size: 1.1em; color: #555; text-align: justify;\">Tous les articles, tests et contenus sont la propri\u00e9t\u00e9 de PsyEdX. L'utilisation \u00e0 des fins personnelles et \u00e9ducatives est autoris\u00e9e, \u00e0 condition de citer clairement la source.<\/p>\n<\/p><\/div>\n<div style=\"margin-bottom: 20px;\">\n<h3 style=\"font-size: 1.4em; color: #333; margin-bottom: 12px;\">2. Utilisation acceptable<\/h3>\n<p style=\"font-size: 1.1em; color: #555; text-align: justify;\">L'utilisateur s'engage \u00e0 ne pas utiliser le site \u00e0 des fins ill\u00e9gales, \u00e0 ne pas perturber les services et \u00e0 ne pas exploiter les tests \u00e0 des fins commerciales sans autorisation.<\/p>\n<\/p><\/div>\n<\/div>\n","protected":false},"excerpt":{"rendered":"<p>Conditions d&rsquo;Utilisation Bienvenue sur PsyEdX. En utilisant ce site, vous acceptez d&rsquo;\u00eatre li\u00e9 par les conditions suivantes. 1. Propri\u00e9t\u00e9 intellectuelle Tous les articles, tests et contenus sont la propri\u00e9t\u00e9 de PsyEdX. L&rsquo;utilisation \u00e0 des fins personnelles et \u00e9ducatives est autoris\u00e9e, \u00e0 condition de citer clairement la source. 2. Utilisation acceptable L&rsquo;utilisateur s&rsquo;engage \u00e0 ne pas [&hellip;]<\/p>\n","protected":false},"author":1,"featured_media":0,"parent":0,"menu_order":0,"comment_status":"closed","ping_status":"closed","template":"","meta":{"_uag_custom_page_level_css":"","_swt_meta_header_display":false,"_swt_meta_footer_display":false,"_swt_meta_site_title_display":true,"_swt_meta_sticky_header":false,"_swt_meta_transparent_header":false,"footnotes":""},"class_list":["post-177","page","type-page","status-publish","hentry"],"aioseo_notices":[],"_hostinger_reach_plugin_has_subscription_block":false,"_hostinger_reach_plugin_is_elementor":false,"uagb_featured_image_src":{"full":false,"thumbnail":false,"medium":false,"medium_large":false,"large":false,"1536x1536":false,"2048x2048":false},"uagb_author_info":{"display_name":"El HOSAYNY Sara","author_link":"https:\/\/psyedx.com\/fr\/author\/psy-elhosaynygmail-com\/"},"uagb_comment_info":0,"uagb_excerpt":"Conditions d'Utilisation Bienvenue sur PsyEdX. En utilisant ce site, vous acceptez d'\u00eatre li\u00e9 par les conditions suivantes. 1. Propri\u00e9t\u00e9 intellectuelle Tous les articles, tests et contenus sont la propri\u00e9t\u00e9 de PsyEdX. L'utilisation \u00e0 des fins personnelles et \u00e9ducatives est autoris\u00e9e, \u00e0 condition de citer clairement la source. 2. Utilisation acceptable L'utilisateur s'engage \u00e0 ne pas\u2026","_links":{"self":[{"href":"https:\/\/psyedx.com\/fr\/wp-json\/wp\/v2\/pages\/177","targetHints":{"allow":["GET"]}}],"collection":[{"href":"https:\/\/psyedx.com\/fr\/wp-json\/wp\/v2\/pages"}],"about":[{"href":"https:\/\/psyedx.com\/fr\/wp-json\/wp\/v2\/types\/page"}],"author":[{"embeddable":true,"href":"https:\/\/psyedx.com\/fr\/wp-json\/wp\/v2\/users\/1"}],"replies":[{"embeddable":true,"href":"https:\/\/psyedx.com\/fr\/wp-json\/wp\/v2\/comments?post=177"}],"version-history":[{"count":3,"href":"https:\/\/psyedx.com\/fr\/wp-json\/wp\/v2\/pages\/177\/revisions"}],"predecessor-version":[{"id":241,"href":"https:\/\/psyedx.com\/fr\/wp-json\/wp\/v2\/pages\/177\/revisions\/241"}],"wp:attachment":[{"href":"https:\/\/psyedx.com\/fr\/wp-json\/wp\/v2\/media?parent=177"}],"curies":[{"name":"wp","href":"https:\/\/api.w.org\/{rel}","templated":true}]}}