{"id":193,"date":"2026-03-26T21:45:43","date_gmt":"2026-03-26T21:45:43","guid":{"rendered":"https:\/\/psyedx.com\/?page_id=193"},"modified":"2026-03-27T15:30:37","modified_gmt":"2026-03-27T15:30:37","slug":"psychology-tests","status":"publish","type":"page","link":"https:\/\/psyedx.com\/fr\/psychology-tests\/","title":{"rendered":"Psychology Tests"},"content":{"rendered":"<div style=\"max-width: 800px; width: 100%; margin: 40px auto; padding: 50px 40px; background-color: #ffffff; border-radius: 12px; box-shadow: 0 4px 15px rgba(0,0,0,0.05); line-height: 1.8; font-family: inherit; text-align: center; box-sizing: border-box;\">\n<div style=\"margin-bottom: 30px;\">\n<h2 style=\"font-size: 2.2em; margin-bottom: 15px; color: #222;\">Tests Psychologiques Interactifs<\/h2>\n<p style=\"font-size: 1.2em; color: #555; max-width: 650px; margin: 0 auto;\">D\u00e9couvrez-en plus sur vous-m\u00eame et votre sant\u00e9 mentale gr\u00e2ce \u00e0 une s\u00e9rie de tests scientifiques reconnus (comme le GAD-7 et le PHQ-9). Pour offrir une meilleure exp\u00e9rience interactive, nous avons h\u00e9berg\u00e9 tous nos tests sur notre plateforme sp\u00e9cialis\u00e9e.<\/p>\n<\/p><\/div>\n<div style=\"margin-top: 40px;\">\n        <a href=\"https:\/\/dima-m3ak-psy.com\/tests.php\" target=\"_blank\" rel=\"noopener noreferrer\" style=\"display: inline-block; background-color: #eb8b6e; color: #ffffff; padding: 15px 35px; font-size: 1.2em; font-weight: bold; text-decoration: none; border-radius: 30px; transition: background-color 0.3s ease;\"><br \/>\n            Passez les tests maintenant sur Dima M3ak Psy \u2794<br \/>\n        <\/a>\n    <\/div>\n<\/div>\n","protected":false},"excerpt":{"rendered":"<p>Tests Psychologiques Interactifs D\u00e9couvrez-en plus sur vous-m\u00eame et votre sant\u00e9 mentale gr\u00e2ce \u00e0 une s\u00e9rie de tests scientifiques reconnus (comme le GAD-7 et le PHQ-9). Pour offrir une meilleure exp\u00e9rience interactive, nous avons h\u00e9berg\u00e9 tous nos tests sur notre plateforme sp\u00e9cialis\u00e9e. Passez les tests maintenant sur Dima M3ak Psy \u2794<\/p>\n","protected":false},"author":1,"featured_media":0,"parent":0,"menu_order":0,"comment_status":"closed","ping_status":"closed","template":"","meta":{"_uag_custom_page_level_css":"","_swt_meta_header_display":false,"_swt_meta_footer_display":false,"_swt_meta_site_title_display":false,"_swt_meta_sticky_header":false,"_swt_meta_transparent_header":false,"footnotes":""},"class_list":["post-193","page","type-page","status-publish","hentry"],"aioseo_notices":[],"_hostinger_reach_plugin_has_subscription_block":false,"_hostinger_reach_plugin_is_elementor":false,"uagb_featured_image_src":{"full":false,"thumbnail":false,"medium":false,"medium_large":false,"large":false,"1536x1536":false,"2048x2048":false},"uagb_author_info":{"display_name":"El HOSAYNY Sara","author_link":"https:\/\/psyedx.com\/fr\/author\/psy-elhosaynygmail-com\/"},"uagb_comment_info":0,"uagb_excerpt":"Tests Psychologiques Interactifs D\u00e9couvrez-en plus sur vous-m\u00eame et votre sant\u00e9 mentale gr\u00e2ce \u00e0 une s\u00e9rie de tests scientifiques reconnus (comme le GAD-7 et le PHQ-9). Pour offrir une meilleure exp\u00e9rience interactive, nous avons h\u00e9berg\u00e9 tous nos tests sur notre plateforme sp\u00e9cialis\u00e9e. Passez les tests maintenant sur Dima M3ak Psy \u2794","_links":{"self":[{"href":"https:\/\/psyedx.com\/fr\/wp-json\/wp\/v2\/pages\/193","targetHints":{"allow":["GET"]}}],"collection":[{"href":"https:\/\/psyedx.com\/fr\/wp-json\/wp\/v2\/pages"}],"about":[{"href":"https:\/\/psyedx.com\/fr\/wp-json\/wp\/v2\/types\/page"}],"author":[{"embeddable":true,"href":"https:\/\/psyedx.com\/fr\/wp-json\/wp\/v2\/users\/1"}],"replies":[{"embeddable":true,"href":"https:\/\/psyedx.com\/fr\/wp-json\/wp\/v2\/comments?post=193"}],"version-history":[{"count":2,"href":"https:\/\/psyedx.com\/fr\/wp-json\/wp\/v2\/pages\/193\/revisions"}],"predecessor-version":[{"id":249,"href":"https:\/\/psyedx.com\/fr\/wp-json\/wp\/v2\/pages\/193\/revisions\/249"}],"wp:attachment":[{"href":"https:\/\/psyedx.com\/fr\/wp-json\/wp\/v2\/media?parent=193"}],"curies":[{"name":"wp","href":"https:\/\/api.w.org\/{rel}","templated":true}]}}